{"id":1102,"date":"2016-02-19T00:05:15","date_gmt":"2016-02-18T22:05:15","guid":{"rendered":"http:\/\/www.niezatapialni.pl\/?page_id=1102"},"modified":"2017-09-02T12:54:41","modified_gmt":"2017-09-02T12:54:41","slug":"bohaterowie","status":"publish","type":"page","link":"https:\/\/niezatapialni.com\/?page_id=1102","title":{"rendered":"Bohaterowie"},"content":{"rendered":"<p><a href=\"http:\/\/www.niezatapialni.pl\/wp-content\/uploads\/2016\/02\/thnx.png\" rel=\"attachment wp-att-1108\"><img loading=\"lazy\" decoding=\"async\" class=\"aligncenter size-full wp-image-1108\" src=\"http:\/\/www.niezatapialni.pl\/wp-content\/uploads\/2016\/02\/thnx.png\" alt=\"thnx\" width=\"1050\" height=\"395\" \/><\/a><\/p>\n<p>13 sierpnia 1999 roku wypada\u0142 w pi\u0105tek. Tego dnia po raz pierwszy obejrza\u0142em &#8222;Matrix&#8221;. Pami\u0119tacie to uczucie niesamowito\u015bci, kt\u00f3ra otwiera si\u0119 przed wami? Dla 15-letniego szczyla z Olsztyna, zakochanego w Cyberpunku 2020 by\u0142o to jak spe\u0142nienie wszystkich marze\u0144. Sztuki walki, wirtualne rzeczywisto\u015bci, wisz\u0105ca w powietrze Trinity, unikanie kul. P\u0142ynna rozkosz.<\/p>\n<p>Z kina trafi\u0142em na imprez\u0119, na kt\u00f3rej totalnie nawalona Agnieszka z 3a pokazywa\u0142a piersi &#8211; pierwsze, jakie widzia\u0142em w \u017cyciu. O ma\u0142o co ich nie przegapi\u0142em, bo t\u0142uk\u0142em w\u0142a\u015bnie wszystkich moich ziom\u00f3w w Counter-Strike, przepi\u0119kn\u0105 nowo\u015b\u0107, w kt\u00f3r\u0105 zagrywali\u015bmy si\u0119 od kilku tygodni, a w kt\u00f3r\u0105 zawsze dostawa\u0142em w dup\u0119. I kiedy wydawa\u0142o si\u0119, \u017ce ju\u017c nic lepszego nie mo\u017ce mnie spotka\u0107, nast\u0119pny dzie\u0144 okaza\u0142 si\u0119 by\u0107 t\u0142ustym czwartkiem.<\/p>\n<p>To by\u0142y najszcz\u0119\u015bliwsze chwile mojego \u017cycia.<\/p>\n<p>A\u017c do dnia, w kt\u00f3rym ruszy\u0142a nasza zbi\u00f3rka i sta\u0142o si\u0119 to co si\u0119 sta\u0142o &#8211; co\u015b pi\u0119kniejszego ni\u017c Matrix, CS, piersi i p\u0105czki razem wzi\u0119te.<\/p>\n<p>I za to chcemy Wam z ca\u0142ego serca podzi\u0119kowa\u0107.<\/p>\n<p><a href=\"http:\/\/www.niezatapialni.pl\/wp-content\/uploads\/2016\/02\/nz_thanks_t.png\" rel=\"attachment wp-att-1107\"><img loading=\"lazy\" decoding=\"async\" class=\"aligncenter size-full wp-image-1107\" src=\"http:\/\/www.niezatapialni.pl\/wp-content\/uploads\/2016\/02\/nz_thanks_t.png\" alt=\"nz_thanks_t\" width=\"800\" height=\"527\" \/><\/a><\/p>\n<p>Daniel Adamczyk , Marcin Aleksanderek, Dominik Andruszak, Micha\u0142 Anonim, B\u0142a\u017cej Arkuszewski, Micha\u0142 Baku\u0142a, Martyna Bakun, Bart\u0142omiej Barski, Pawe\u0142 Ba\u015bkiewicz, Micha\u0142 Bednarek, Joanna Bernat, Adam Bialogonski, Karol Biernat, Bartek Bigda, Micha\u0142 Bingoraj, Grzegorz Bis, Mateusz Bobrowicz, Marcin Bochenek, Marek Bolesta, Zbigniew Boniek, Rafa\u0142 Borkowski, Tomasz Bortnowski, Janek Borz\u0119cki, Miko\u0142aj Brey, Szymon Bronkowski, Mateusz Buczek,<br \/>\nMichael Bumszakalaka, Pawe\u0142 Burek, Tomasz Cesarz, Krzysztof Chadaj, Pawe\u0142 Ch\u0119ci\u0144ski, Hubert Chr\u00f3\u015bcicki, Lisek Chytrusek, Krystian Ciborski, Tomasz Cichoci\u0144ski, Jakub Ciemny, Jozef Ciok, Szymon Cisak, Dawid Cis\u0142owski, Tomasz Czaicki, Piotr Czajka, Michal Czaplicki, Rados\u0142aw Czech, Rados\u0142aw Czy\u017c, Hubert Dobilis, Karol Dobosz, Kuba Drabich, Kacper Drobi\u0144ski, Radek Dudek, Tomasz Dziel, Krzysiek Dziurdzi, Gabriel Fabia, Karol 'Roger&#8217; Falewicz, Krystian ffrreeaakk, Pawe\u0142 Figa, Patryk Fiszer, Piotr Gaczkowski, Andrzej Gajewski, Eryk Ga\u0142ecki, Mariusz Gli\u0144ski, Micha\u0142 Gmyz, \u0141ukasz Goszty\u0142a, Micha\u0142 Gowarzewski, Jacek Grobelny, Piotr Grobelny, \u0141ukasz Grzelka, Piotr Guba, Micha\u0142 Haba, \u0141ukasz Hebel, Tomasz Hodorek, Robert Hoeft<\/p>\n<p><a href=\"http:\/\/www.niezatapialni.pl\/wp-content\/uploads\/2016\/02\/nz_thanks_m.png\" rel=\"attachment wp-att-1106\"><img loading=\"lazy\" decoding=\"async\" class=\"aligncenter size-full wp-image-1106\" src=\"http:\/\/www.niezatapialni.pl\/wp-content\/uploads\/2016\/02\/nz_thanks_m.png\" alt=\"nz_thanks_m\" width=\"800\" height=\"610\" \/><\/a><\/p>\n<p>budda igalove, Micha\u0142 Janicki, Piotr Janowiak, Jan Jarosz, Micha\u0142 Jastrz\u0119bski, \u0141ukasz Kaczmarek, Patryk Kaczy\u0144ski, Gregory Kalemba, Kalez Kalez, Adam Ka\u0142u\u017ca, Grzegorz Kami\u0144ski, Pawe\u0142 Kami\u0144ski, Maciej Kasztelewicz, Dawid Kawaller, Mariusz Kawecki, Adam Kiryluk, Piotr Kita, Sebastian Klaja, Radzio Klavo, Pawe\u0142 Kleka, Wojciech Klimczak, Tomasz Kl\u00f3ska, Karol Klucznik, Anna Knap, Piotr Kocanda, Micha\u0142 Kochel, Komar Komarescu, Karol Konwerski, Artur Kordas, S\u0142awomir Kowalewski, Konrad Kozi\u0144ski, Andrzej Krajewski, Marek Krajewski, Mateusz Kruczyk, Damian Krupa, Jakub Krzekotowski, Piotr Krzeszowski, Kami\u0144ski Krzysztof, Micha\u0142 Krzy\u017cowski, Piotr Kucharzewski, Kacper Kucinski, Mateusz Kudzia, Micha\u0142 Kujawi\u0144ski, Micha\u0142 Kukie\u0142ka, Piotr Kuldanek, Konrad Kulwicki, Mariusz Kusi\u0144ski, Krystian \u0141ada, Piotr \u0141ago\u017cny, Rafa\u0142 Leciej, Wojtek Lesiak, Jaros\u0142aw Le\u015bniakowski, Kuba Lewicki, Maciej \u0141obaza, Jacek Lubiszewski, Marcin Lubke, Kuba \u0141ukasik, Grzegorz Machometa, Bart\u0142omiej Machuta, Szymon Madera, Piotr M\u0105drecki, Aleksander M\u0105kosa, Micha\u0142 Ma\u0142ecki, Mateusz Maliczak, adk maranatha<\/p>\n<p><a href=\"http:\/\/www.niezatapialni.pl\/wp-content\/uploads\/2016\/02\/nz_thanks_g.png\" rel=\"attachment wp-att-1105\"><img loading=\"lazy\" decoding=\"async\" class=\"aligncenter size-full wp-image-1105\" src=\"http:\/\/www.niezatapialni.pl\/wp-content\/uploads\/2016\/02\/nz_thanks_g.png\" alt=\"nz_thanks_g\" width=\"800\" height=\"445\" \/><\/a><\/p>\n<p>Adrian Marciak, Krzysztof Marciniak, Pawe\u0142 Markiewicz, Michal Markowski, Kamil Matej, Stachu Miko\u0142ajczyk, Szymon Mikolajevicz, Grzegorz Miko\u015b, Karol Milewski, Tomasz Minkiewicz, Wiktor Mociun, Jakub Mosakowski, Konrad Mys\u0142ek, Kajetan Nawrocki, Adam Nawrot, Gato Negro, Nie_KIER_Nie_KARO_Nie_PIK Nie_KIER_Nie_KARO_Nie_PIK, Joanna Niedzielska, Adam Niedzielski, Kasia Niemczyk, Cz\u0142owiek Niewidzialnycz\u0142owiek, Cezary Nojszewski, Marcin Nowacki, Adam Nowak, Dawid Nowak, Piotr Nowak, Sebastian Nowakowski, Adam Nowik, Dorota Olbry\u015b, Iwi Olbry\u015b, Jax One, Rafa\u0142 Orlik, Mateusz Ossowski, Adrian Ostrowski, Micha\u0142 Owsianko, Micha\u0142 Palasek, Sebastian Pasich, Micha\u0142 Peplau, Rados\u0142aw Perkowski, Bart\u0142omiej Pieja\u015b, Marta Pierzchala, Adam Pi\u0119tka, Jacek Placek, Krzysztof Plichta, MICHA\u0141 PLISIKIEWICZ, Pawe\u0142 P\u0142ocharski, Adam Podogrodzki, Przemyslaw Podsiadlo, Kamil Popielski, Piotr Pruski, Robert Pruszczak, Pawel Prystupa, Robert Przybylski, Arkadiusz Przybysz, El\u017cbieta Pstr\u0105gowska, Pawe\u0142 Raczak, Rados\u0142aw Ratusznik, Wojciech Rawicki, Dariusz Rejdych, \u0141ukasz Rogozi\u0144ski, Robert Jakub Ro\u017cen, Bartek R\u00f3\u017cycki, \u0141ukasz Ruci\u0144ski, Pawe\u0142 Rumi\u0144ski, Micha\u0142 Rybi\u0144ski<\/p>\n<p><a href=\"http:\/\/www.niezatapialni.pl\/wp-content\/uploads\/2016\/02\/nz_thanks_d.png\" rel=\"attachment wp-att-1104\"><img loading=\"lazy\" decoding=\"async\" class=\"aligncenter size-full wp-image-1104\" src=\"http:\/\/www.niezatapialni.pl\/wp-content\/uploads\/2016\/02\/nz_thanks_d.png\" alt=\"nz_thanks_d\" width=\"800\" height=\"610\" \/><\/a><\/p>\n<p>Piotr Sajna, Bartosz Sarza\u0142a, Marcin Schramka, Daniel Senderowski, Rafa\u0142 Setnik, Maciej Siama, Jan Sikora, Micha\u0142 Skowronek, \u0141ukasz Skowro\u0144ski, Maciej Skrok, Micha\u0142 Skrzypecki, Tomasz \u015aliwa, Kamil S\u0142odek, Kuba Smo\u0142a, Lidia Sosna, Micha\u0142 Sowa, Micha\u0142 Spadarzewski, Maciej Sperski, Kamil Stec, Maciej Stefaniak, Kamil Stosik, Kajetan Struzik, Piotr St\u00fcrmer, Piotr \u015awierk, Micha\u0142 Martin Szczepaniak, Robert Szcz\u0119sny, Tomek Szewc\u00f3w, Przemys\u0142aw Szews, Marcin Szustak, Adrian Szuszakiewicz, Jakub Szychowski, Dariusz Toperz Szyma\u0144ski, Micha\u0142 Szyszkowski, Kuba Talarczyk, Kajetan Tomaniak, Pawe\u0142 Ty\u0142a, Maciej Tymoszuk, Micha\u0142 Urbaniak, Piotr Walendzik, Mateusz Walichnowski, Pawe\u0142 Wasilewski, Kamil Wdowczyk, \u0141ukasz Winnicki, Tomasz W\u0142odarczyk, Vailer Wiktor W\u0142odarczyk, Rafa\u0142 Wojciechowski, Krzysztof Wojdan, Tomasz Woropaj, Jan Wo\u017aniak, Konrad Wo\u017aniak, Micha\u0142 Wo\u017anicki, radoslaw wroblewski, kris zacharski, Grzegorz Zajder, \u0141ukasz Zalewski, Bart\u0142omiej \u017barek, Tomasz Zawadzki, Andrzej \u017bmuda, Karol Zochowski, Adam Zubczewski, Szymon Zubkiewicz, Patryk Zy\u015bk<\/p>\n<p>Od wakacji 2017 roku prowadzimy te\u017c w\u0142asne konto na Patronite.pl. Oto bohaterowie, kt\u00f3rzy nas na nim wspieraj\u0105. Dzi\u0119kujemy!<\/p>\n<p>Jakub Ciemny, sip,\u00a0 Szymon Adamus, Joanna Barbara Bernat, Kasia Niemczyk, Mateusz Siedlecki, Rafa\u0142 Borkowski, Konrad Kulwicki Marcin Aleksanderek, Bart\u0142omiej J. Pieja\u015b, Przemys\u0142aw Juszcze, Karol \u201aRoger&#8217; Falewicz, Micha\u0142 Owsianko, \u0141ukasz Zalewski Piotr Kaczor, Piotr Kita, Arkadiusz Przybysz, Micha\u0142 Rybi\u0144ski, Daniel Senderowski, Andrzej Wojciechowski, Piotr Jakubowski, mzah, Micha\u0142 Haba, J\u00f3zef Ciok, Micha\u0142 Baku\u0142a, arHitekt, Magdalena Rokosz, Dawid Cis\u0142owski, Zbigniew Boniek, Marcin Szatkowski, Marek Bolesta, Boogie, Bart\u0142omiej Machuta, Konrad Wi\u015bniewski, Micha\u0142 Szyma\u0144ski, Dawid Cis\u0142owski, Pawe\u0142 Kamizela, Radek Zych, \u0141ukasz G\u00f3rski, \u0141ukasz Szczurek, Jacek Placek, Robert Jakub Ro\u017cen, palik, Robert Hoeft, Adrian Marciak, Tomasz Bortnowski, Konrad Wo\u017aniak, Bart\u0142omiej Mamzer, Micha\u0142 Markowski, Przemys\u0142aw Nowak, Micha\u0142 Spadarzewski, \u0141ukasz Lipka, S\u0142awomir Kowalewski, Tomasz Cichoci\u0144ski, Maciej Sperski, Jakub Krzekotowski, Darek Pan Kosmosu, Mufinek, Wojciech Klimczak, Karol \u017bukowski, Pawe\u0142 Rumi\u0144ski, Tomasz Turkowski, Tomasz Woropaj, Jan Ambroziak, Wiktor Moucin, Micha\u0142 Janicki, Daniel Adamczyk, Pawe\u0142 Raczak, Konrad \u201eJoony&#8221; Mys\u0142ek<\/p>\n<p><center>***Wszystkie imiona i nazwiska zosta\u0142y tu umieszczone w takim sam spos\u00f3b, w jaki zosta\u0142y wpisane w pola podczas zbi\u00f3rki***<br \/>\n***Je\u015bli potrzebne s\u0105 jakie\u015b poprawki prosimy o maila na nasz adres, kt\u00f3ry znajdziecie w sekcji O Nas***<\/center><\/p>\n","protected":false},"excerpt":{"rendered":"<p>13 sierpnia 1999 roku wypada\u0142 w pi\u0105tek. Tego dnia po raz pierwszy obejrza\u0142em &#8222;Matrix&#8221;. Pami\u0119tacie to uczucie niesamowito\u015bci, kt\u00f3ra otwiera si\u0119 przed wami? Dla 15-letniego szczyla z Olsztyna, zakochanego w Cyberpunku 2020 by\u0142o to jak spe\u0142nienie wszystkich marze\u0144. Sztuki walki, wirtualne rzeczywisto\u015bci, wisz\u0105ca w powietrze Trinity, unikanie kul. P\u0142ynna rozkosz. Z kina trafi\u0142em na imprez\u0119, [&hellip;]<\/p>\n","protected":false},"author":1,"featured_media":0,"parent":0,"menu_order":0,"comment_status":"closed","ping_status":"closed","template":"","meta":{"footnotes":""},"class_list":["post-1102","page","type-page","status-publish","hentry"],"_links":{"self":[{"href":"https:\/\/niezatapialni.com\/index.php?rest_route=\/wp\/v2\/pages\/1102","targetHints":{"allow":["GET"]}}],"collection":[{"href":"https:\/\/niezatapialni.com\/index.php?rest_route=\/wp\/v2\/pages"}],"about":[{"href":"https:\/\/niezatapialni.com\/index.php?rest_route=\/wp\/v2\/types\/page"}],"author":[{"embeddable":true,"href":"https:\/\/niezatapialni.com\/index.php?rest_route=\/wp\/v2\/users\/1"}],"replies":[{"embeddable":true,"href":"https:\/\/niezatapialni.com\/index.php?rest_route=%2Fwp%2Fv2%2Fcomments&post=1102"}],"version-history":[{"count":1,"href":"https:\/\/niezatapialni.com\/index.php?rest_route=\/wp\/v2\/pages\/1102\/revisions"}],"predecessor-version":[{"id":2517,"href":"https:\/\/niezatapialni.com\/index.php?rest_route=\/wp\/v2\/pages\/1102\/revisions\/2517"}],"wp:attachment":[{"href":"https:\/\/niezatapialni.com\/index.php?rest_route=%2Fwp%2Fv2%2Fmedia&parent=1102"}],"curies":[{"name":"wp","href":"https:\/\/api.w.org\/{rel}","templated":true}]}}